{"id":1718,"date":"2025-09-24T09:18:36","date_gmt":"2025-09-24T07:18:36","guid":{"rendered":"https:\/\/zs.gellnerka.cz\/subdom\/zs\/?page_id=1718"},"modified":"2025-12-03T12:47:50","modified_gmt":"2025-12-03T11:47:50","slug":"dokumenty-sd","status":"publish","type":"page","link":"https:\/\/zs.gellnerka.cz\/subdom\/zs\/uk\/dokumenty-sd\/","title":{"rendered":"\u0414\u043e\u043a\u0443\u043c\u0435\u043d\u0442\u0438 SD"},"content":{"rendered":"<p><a href=\"https:\/\/zs.gellnerka.cz\/subdom\/zs\/wp-content\/uploads\/2025\/09\/Vnitrni-rad-SD_od_1.10.2025-1.pdf\">Vnit\u0159n\u00ed \u0159\u00e1d \u0161koln\u00ed dru\u017einy<\/a><\/p>\n<p><a href=\"https:\/\/zs.gellnerka.cz\/subdom\/zs\/wp-content\/uploads\/2025\/09\/SVP_SD_I.cast-_od_1.10.2025-1.pdf\">\u0160VP \u0160koln\u00ed dru\u017einy<\/a><\/p>\n<p><a href=\"https:\/\/zs.gellnerka.cz\/subdom\/zs\/wp-content\/uploads\/2025\/02\/plna_moc_SD.doc\">Pln\u00e1 moc k vyzved\u00e1v\u00e1n\u00ed d\u00edt\u011bte ze \u0161koln\u00ed dru\u017einy<\/a><\/p>\n<p><a href=\"https:\/\/zs.gellnerka.cz\/subdom\/zs\/wp-content\/uploads\/2025\/06\/prihlaska_sk_druzina_2025_2026.docx\">P\u0159ihl\u00e1\u0161ka do \u0161koln\u00ed du\u017einy pro \u0161koln\u00ed rok 2025\/2026<\/a><\/p>","protected":false},"excerpt":{"rendered":"<p>Vnit\u0159n\u00ed \u0159\u00e1d \u0161koln\u00ed dru\u017einy \u0160VP \u0160koln\u00ed dru\u017einy Pln\u00e1 moc k vyzved\u00e1v\u00e1n\u00ed d\u00edt\u011bte ze \u0161koln\u00ed dru\u017einy P\u0159ihl\u00e1\u0161ka do \u0161koln\u00ed du\u017einy pro \u0161koln\u00ed rok 2025\/2026<\/p>","protected":false},"author":2,"featured_media":0,"parent":0,"menu_order":0,"comment_status":"closed","ping_status":"closed","template":"","meta":[],"_links":{"self":[{"href":"https:\/\/zs.gellnerka.cz\/subdom\/zs\/uk\/wp-json\/wp\/v2\/pages\/1718"}],"collection":[{"href":"https:\/\/zs.gellnerka.cz\/subdom\/zs\/uk\/wp-json\/wp\/v2\/pages"}],"about":[{"href":"https:\/\/zs.gellnerka.cz\/subdom\/zs\/uk\/wp-json\/wp\/v2\/types\/page"}],"author":[{"embeddable":true,"href":"https:\/\/zs.gellnerka.cz\/subdom\/zs\/uk\/wp-json\/wp\/v2\/users\/2"}],"replies":[{"embeddable":true,"href":"https:\/\/zs.gellnerka.cz\/subdom\/zs\/uk\/wp-json\/wp\/v2\/comments?post=1718"}],"version-history":[{"count":4,"href":"https:\/\/zs.gellnerka.cz\/subdom\/zs\/uk\/wp-json\/wp\/v2\/pages\/1718\/revisions"}],"predecessor-version":[{"id":2067,"href":"https:\/\/zs.gellnerka.cz\/subdom\/zs\/uk\/wp-json\/wp\/v2\/pages\/1718\/revisions\/2067"}],"wp:attachment":[{"href":"https:\/\/zs.gellnerka.cz\/subdom\/zs\/uk\/wp-json\/wp\/v2\/media?parent=1718"}],"curies":[{"name":"wp","href":"https:\/\/api.w.org\/{rel}","templated":true}]}}