{"id":2370,"date":"2026-04-06T13:28:06","date_gmt":"2026-04-06T11:28:06","guid":{"rendered":"https:\/\/zs.gellnerka.cz\/subdom\/zs\/?page_id=2370"},"modified":"2026-04-13T11:15:53","modified_gmt":"2026-04-13T09:15:53","slug":"organizace-skolniho-roku-2025-2026","status":"publish","type":"page","link":"https:\/\/zs.gellnerka.cz\/subdom\/zs\/organizace-skolniho-roku-2025-2026\/","title":{"rendered":"Organizace \u0161koln\u00edho roku 2025\/2026"},"content":{"rendered":"<table class=\"school-table\">\n<tbody>\n<tr>\n<td class=\"label\">\u0160koln\u00ed rok 2025\/2026<\/td>\n<td class=\"value\">za\u010d\u00edn\u00e1 v <strong>pond\u011bl\u00ed 1. z\u00e1\u0159\u00ed 2025<\/strong><\/td>\n<\/tr>\n<tr>\n<td class=\"label\">St\u00e1tn\u00ed sv\u00e1tek<\/td>\n<td class=\"value\">\u00fater\u00fd <strong>28. \u0159\u00edjna 2025<\/strong><\/td>\n<\/tr>\n<tr>\n<td class=\"label\">Podzimn\u00ed pr\u00e1zdniny<\/td>\n<td class=\"value\">pond\u011bl\u00ed <strong>27. \u0159\u00edjna<\/strong> a st\u0159eda <strong>29. \u0159\u00edjna 2025<\/strong><\/td>\n<\/tr>\n<tr>\n<td class=\"label\">St\u00e1tn\u00ed sv\u00e1tek<\/td>\n<td class=\"value\">pond\u011bl\u00ed <strong>17. listopadu 2025<\/strong><\/td>\n<\/tr>\n<tr>\n<td class=\"label\">V\u00e1no\u010dn\u00ed pr\u00e1zdniny<\/td>\n<td class=\"value\">\nod pond\u011bl\u00ed <strong>22. prosince 2025<\/strong> do p\u00e1tku <strong>2. ledna 2026<\/strong><br \/>\n(vyu\u010dov\u00e1n\u00ed za\u010dne v pond\u011bl\u00ed <strong>5. ledna 2026<\/strong>)<\/td>\n<\/tr>\n<tr>\n<td class=\"label\">Pololetn\u00ed pr\u00e1zdniny<\/td>\n<td class=\"value\">p\u00e1tek <strong>30. ledna 2026<\/strong><\/td>\n<\/tr>\n<tr>\n<td class=\"label\">Jarn\u00ed pr\u00e1zdniny<\/td>\n<td class=\"value\">od pond\u011bl\u00ed <strong>16. \u00fanora<\/strong> do p\u00e1tku <strong>20. \u00fanora 2026<\/strong><\/td>\n<\/tr>\n<tr>\n<td class=\"label\">Velikono\u010dn\u00ed pr\u00e1zdniny<\/td>\n<td class=\"value\">\u010dtvrtek <strong>2. dubna 2026<\/strong><\/td>\n<\/tr>\n<tr>\n<td class=\"label\">St\u00e1tn\u00ed sv\u00e1tek<\/td>\n<td class=\"value\">p\u00e1tek <strong>3. dubna 2026<\/strong><\/td>\n<\/tr>\n<tr>\n<td class=\"label\">Velikono\u010dn\u00ed pond\u011bl\u00ed<\/td>\n<td class=\"value\">pond\u011bl\u00ed <strong>6. dubna 2026<\/strong><\/td>\n<\/tr>\n<tr>\n<td class=\"label\">St\u00e1tn\u00ed sv\u00e1tek<\/td>\n<td class=\"value\">p\u00e1tek <strong>1. kv\u011btna 2026<\/strong><\/td>\n<\/tr>\n<tr>\n<td class=\"label\">St\u00e1tn\u00ed sv\u00e1tek<\/td>\n<td class=\"value\">p\u00e1tek <strong>8. kv\u011btna 2026<\/strong><\/td>\n<\/tr>\n<tr>\n<td class=\"label\">2. pololet\u00ed kon\u010d\u00ed<\/td>\n<td class=\"value\">p\u00e1tek<strong> 26. \u010dervna 2026<\/strong><\/td>\n<\/tr>\n<tr>\n<td class=\"label\">Hlavn\u00ed pr\u00e1zdniny<\/td>\n<td class=\"value\">od pond\u011bl\u00ed<strong> 29. \u010dervna 2026<\/strong> do pond\u011bl\u00ed <strong>31. srpna 2026<\/strong><\/td>\n<\/tr>\n<tr>\n<td class=\"label\">\u0160koln\u00ed rok 2026\/2027<\/td>\n<td class=\"value\">za\u010dne v \u00fater\u00fd <strong>1. z\u00e1\u0159\u00ed 2026<\/strong><\/td>\n<\/tr>\n<\/tbody>\n<\/table>\n","protected":false},"excerpt":{"rendered":"<p>\u0160koln\u00ed rok 2025\/2026 za\u010d\u00edn\u00e1 v pond\u011bl\u00ed 1. z\u00e1\u0159\u00ed 2025 St\u00e1tn\u00ed sv\u00e1tek \u00fater\u00fd 28. \u0159\u00edjna 2025 Podzimn\u00ed pr\u00e1zdniny pond\u011bl\u00ed 27. \u0159\u00edjna a st\u0159eda 29. \u0159\u00edjna 2025 St\u00e1tn\u00ed sv\u00e1tek pond\u011bl\u00ed 17. listopadu 2025 V\u00e1no\u010dn\u00ed pr\u00e1zdniny od pond\u011bl\u00ed 22. prosince 2025 do p\u00e1tku 2. ledna 2026 (vyu\u010dov\u00e1n\u00ed za\u010dne v pond\u011bl\u00ed 5. ledna 2026) Pololetn\u00ed pr\u00e1zdniny p\u00e1tek 30. ledna &hellip;<\/p>\n<p class=\"read-more\"> <a class=\"\" href=\"https:\/\/zs.gellnerka.cz\/subdom\/zs\/organizace-skolniho-roku-2025-2026\/\"> <span class=\"screen-reader-text\">Organizace \u0161koln\u00edho roku 2025\/2026<\/span> Pokra\u010dovat ve \u010dten\u00ed &raquo;<\/a><\/p>\n","protected":false},"author":2,"featured_media":0,"parent":0,"menu_order":0,"comment_status":"closed","ping_status":"closed","template":"","meta":[],"_links":{"self":[{"href":"https:\/\/zs.gellnerka.cz\/subdom\/zs\/wp-json\/wp\/v2\/pages\/2370"}],"collection":[{"href":"https:\/\/zs.gellnerka.cz\/subdom\/zs\/wp-json\/wp\/v2\/pages"}],"about":[{"href":"https:\/\/zs.gellnerka.cz\/subdom\/zs\/wp-json\/wp\/v2\/types\/page"}],"author":[{"embeddable":true,"href":"https:\/\/zs.gellnerka.cz\/subdom\/zs\/wp-json\/wp\/v2\/users\/2"}],"replies":[{"embeddable":true,"href":"https:\/\/zs.gellnerka.cz\/subdom\/zs\/wp-json\/wp\/v2\/comments?post=2370"}],"version-history":[{"count":5,"href":"https:\/\/zs.gellnerka.cz\/subdom\/zs\/wp-json\/wp\/v2\/pages\/2370\/revisions"}],"predecessor-version":[{"id":2389,"href":"https:\/\/zs.gellnerka.cz\/subdom\/zs\/wp-json\/wp\/v2\/pages\/2370\/revisions\/2389"}],"wp:attachment":[{"href":"https:\/\/zs.gellnerka.cz\/subdom\/zs\/wp-json\/wp\/v2\/media?parent=2370"}],"curies":[{"name":"wp","href":"https:\/\/api.w.org\/{rel}","templated":true}]}}