{"id":2396,"date":"2026-04-13T19:12:16","date_gmt":"2026-04-13T17:12:16","guid":{"rendered":"https:\/\/zs.gellnerka.cz\/subdom\/zs\/?page_id=2396"},"modified":"2026-04-15T18:51:54","modified_gmt":"2026-04-15T16:51:54","slug":"visual-fest","status":"publish","type":"page","link":"https:\/\/zs.gellnerka.cz\/subdom\/zs\/visual-fest\/","title":{"rendered":"Visual Fest"},"content":{"rendered":"<p data-start=\"93\" data-end=\"206\">Dne 27. b\u0159ezna 2026 se v Brn\u011b uskute\u010dnil 1. ro\u010dn\u00edk um\u011bleck\u00e9 p\u0159ehl\u00eddky Visual Fest, kter\u00fd prob\u011bhl v divadle BARKA.<\/p>\n<p data-start=\"208\" data-end=\"422\">Programu p\u0159edch\u00e1zel p\u00e1te\u010dn\u00ed dopoledn\u00ed workshop pro \u017e\u00e1ky i pedagogy, kter\u00fd se konal v Centru nesly\u0161\u00edc\u00edch Brno na ulici Vodova. Podle ohlas\u016f se setkal s velk\u00fdm \u00fasp\u011bchem a byl pro v\u0161echny \u00fa\u010dastn\u00edky p\u0159\u00ednosn\u00fdm z\u00e1\u017eitkem.<\/p>\n<p data-start=\"424\" data-end=\"679\">Po ob\u011bdov\u00e9 pauze se \u00fa\u010dastn\u00edci p\u0159esunuli do divadla BARKA, kde byl zah\u00e1jen hlavn\u00ed program festivalu. V jeho r\u00e1mci prob\u011bhla p\u0159ehl\u00eddka vystoupen\u00ed \u0161kol z Brna, Prahy (V\u00fdmolova), Plzn\u011b a Ostravy. Ka\u017ed\u00e9 vystoupen\u00ed bylo origin\u00e1ln\u00ed, n\u00e1padit\u00e9 a pe\u010dliv\u011b p\u0159ipraven\u00e9.<\/p>\n<p data-start=\"681\" data-end=\"782\">Na z\u00e1v\u011br v\u0161echna vystoupen\u00ed vyhodnotila odborn\u00e1 porota. D\u011bti si odnesly pam\u011btn\u00ed listy i drobn\u00e9 d\u00e1rky.<\/p>\n<p data-start=\"784\" data-end=\"930\">Prvn\u00ed ro\u010dn\u00edk festivalu Visual Fest se velmi vyda\u0159il a zanechal v n\u00e1s mnoho kr\u00e1sn\u00fdch z\u00e1\u017eitk\u016f. U\u017e nyn\u00ed se t\u011b\u0161\u00edme na jeho pokra\u010dov\u00e1n\u00ed v p\u0159\u00ed\u0161t\u00edm roce.<\/p>\n<p data-start=\"784\" data-end=\"930\">Videa k akci: <a href=\"https:\/\/www.tichezpravy.cz\/visual-fest-2026\/?fbclid=IwZnRzaARMkGlleHRuA2FlbQIxMQBzcnRjBmFwcF9pZAo2NjI4NTY4Mzc5AAEeAeEqYVBFxVavNdFPaqZ0i1JdbvICb_nkMrNwLGDsgViDIH1MtuxBWUczN6A_aem_72gj6bx9SbebjgFsopGc-g\">Tich\u00e9 zpr\u00e1vy<\/a><\/p>\n<p data-start=\"784\" data-end=\"930\"><strong>Fotky z akce<\/strong><\/p>\n<div id='gallery-1' class='gallery galleryid-2396 gallery-columns-3 gallery-size-large'><figure class='gallery-item'>\n\t\t\t<div class='gallery-icon landscape'>\n\t\t\t\t<a href='https:\/\/zs.gellnerka.cz\/subdom\/zs\/wp-content\/uploads\/2026\/04\/VF-1.jpg'><img width=\"1024\" height=\"682\" src=\"https:\/\/zs.gellnerka.cz\/subdom\/zs\/wp-content\/uploads\/2026\/04\/VF-1-1024x682.jpg\" class=\"attachment-large size-large\" alt=\"\" loading=\"lazy\" srcset=\"https:\/\/zs.gellnerka.cz\/subdom\/zs\/wp-content\/uploads\/2026\/04\/VF-1-1024x682.jpg 1024w, https:\/\/zs.gellnerka.cz\/subdom\/zs\/wp-content\/uploads\/2026\/04\/VF-1-300x200.jpg 300w, https:\/\/zs.gellnerka.cz\/subdom\/zs\/wp-content\/uploads\/2026\/04\/VF-1-768x512.jpg 768w, https:\/\/zs.gellnerka.cz\/subdom\/zs\/wp-content\/uploads\/2026\/04\/VF-1-1536x1024.jpg 1536w, https:\/\/zs.gellnerka.cz\/subdom\/zs\/wp-content\/uploads\/2026\/04\/VF-1-18x12.jpg 18w, https:\/\/zs.gellnerka.cz\/subdom\/zs\/wp-content\/uploads\/2026\/04\/VF-1-272x182.jpg 272w, https:\/\/zs.gellnerka.cz\/subdom\/zs\/wp-content\/uploads\/2026\/04\/VF-1.jpg 2000w\" sizes=\"(max-width: 1024px) 100vw, 1024px\" \/><\/a>\n\t\t\t<\/div><\/figure><figure class='gallery-item'>\n\t\t\t<div class='gallery-icon landscape'>\n\t\t\t\t<a href='https:\/\/zs.gellnerka.cz\/subdom\/zs\/wp-content\/uploads\/2026\/04\/vs-2.jpg'><img width=\"1024\" height=\"682\" src=\"https:\/\/zs.gellnerka.cz\/subdom\/zs\/wp-content\/uploads\/2026\/04\/vs-2-1024x682.jpg\" class=\"attachment-large size-large\" alt=\"\" loading=\"lazy\" srcset=\"https:\/\/zs.gellnerka.cz\/subdom\/zs\/wp-content\/uploads\/2026\/04\/vs-2-1024x682.jpg 1024w, https:\/\/zs.gellnerka.cz\/subdom\/zs\/wp-content\/uploads\/2026\/04\/vs-2-300x200.jpg 300w, https:\/\/zs.gellnerka.cz\/subdom\/zs\/wp-content\/uploads\/2026\/04\/vs-2-768x512.jpg 768w, https:\/\/zs.gellnerka.cz\/subdom\/zs\/wp-content\/uploads\/2026\/04\/vs-2-1536x1024.jpg 1536w, https:\/\/zs.gellnerka.cz\/subdom\/zs\/wp-content\/uploads\/2026\/04\/vs-2-18x12.jpg 18w, https:\/\/zs.gellnerka.cz\/subdom\/zs\/wp-content\/uploads\/2026\/04\/vs-2-272x182.jpg 272w, https:\/\/zs.gellnerka.cz\/subdom\/zs\/wp-content\/uploads\/2026\/04\/vs-2.jpg 2000w\" sizes=\"(max-width: 1024px) 100vw, 1024px\" \/><\/a>\n\t\t\t<\/div><\/figure><figure class='gallery-item'>\n\t\t\t<div class='gallery-icon landscape'>\n\t\t\t\t<a href='https:\/\/zs.gellnerka.cz\/subdom\/zs\/wp-content\/uploads\/2026\/04\/vs3.jpg'><img width=\"1024\" height=\"682\" src=\"https:\/\/zs.gellnerka.cz\/subdom\/zs\/wp-content\/uploads\/2026\/04\/vs3-1024x682.jpg\" class=\"attachment-large size-large\" alt=\"\" loading=\"lazy\" srcset=\"https:\/\/zs.gellnerka.cz\/subdom\/zs\/wp-content\/uploads\/2026\/04\/vs3-1024x682.jpg 1024w, https:\/\/zs.gellnerka.cz\/subdom\/zs\/wp-content\/uploads\/2026\/04\/vs3-300x200.jpg 300w, https:\/\/zs.gellnerka.cz\/subdom\/zs\/wp-content\/uploads\/2026\/04\/vs3-768x512.jpg 768w, https:\/\/zs.gellnerka.cz\/subdom\/zs\/wp-content\/uploads\/2026\/04\/vs3-1536x1024.jpg 1536w, https:\/\/zs.gellnerka.cz\/subdom\/zs\/wp-content\/uploads\/2026\/04\/vs3-18x12.jpg 18w, https:\/\/zs.gellnerka.cz\/subdom\/zs\/wp-content\/uploads\/2026\/04\/vs3-272x182.jpg 272w, https:\/\/zs.gellnerka.cz\/subdom\/zs\/wp-content\/uploads\/2026\/04\/vs3.jpg 2000w\" sizes=\"(max-width: 1024px) 100vw, 1024px\" \/><\/a>\n\t\t\t<\/div><\/figure><figure class='gallery-item'>\n\t\t\t<div class='gallery-icon landscape'>\n\t\t\t\t<a href='https:\/\/zs.gellnerka.cz\/subdom\/zs\/wp-content\/uploads\/2026\/04\/vs4.jpg'><img width=\"1024\" height=\"576\" src=\"https:\/\/zs.gellnerka.cz\/subdom\/zs\/wp-content\/uploads\/2026\/04\/vs4-1024x576.jpg\" class=\"attachment-large size-large\" alt=\"\" loading=\"lazy\" srcset=\"https:\/\/zs.gellnerka.cz\/subdom\/zs\/wp-content\/uploads\/2026\/04\/vs4-1024x576.jpg 1024w, https:\/\/zs.gellnerka.cz\/subdom\/zs\/wp-content\/uploads\/2026\/04\/vs4-300x169.jpg 300w, https:\/\/zs.gellnerka.cz\/subdom\/zs\/wp-content\/uploads\/2026\/04\/vs4-768x432.jpg 768w, https:\/\/zs.gellnerka.cz\/subdom\/zs\/wp-content\/uploads\/2026\/04\/vs4-18x10.jpg 18w, https:\/\/zs.gellnerka.cz\/subdom\/zs\/wp-content\/uploads\/2026\/04\/vs4.jpg 1302w\" sizes=\"(max-width: 1024px) 100vw, 1024px\" \/><\/a>\n\t\t\t<\/div><\/figure>\n\t\t<\/div>\n\n<h3><strong>Program<\/strong><\/h3>\n<p><a href=\"https:\/\/zs.gellnerka.cz\/subdom\/zs\/wp-content\/uploads\/2026\/03\/Visual-Fest_2026_page-0001.jpg\"><img loading=\"lazy\" class=\"alignnone wp-image-2341 size-large\" src=\"https:\/\/zs.gellnerka.cz\/subdom\/zs\/wp-content\/uploads\/2026\/03\/Visual-Fest_2026_page-0001-724x1024.jpg\" alt=\"\" width=\"724\" height=\"1024\" srcset=\"https:\/\/zs.gellnerka.cz\/subdom\/zs\/wp-content\/uploads\/2026\/03\/Visual-Fest_2026_page-0001-724x1024.jpg 724w, https:\/\/zs.gellnerka.cz\/subdom\/zs\/wp-content\/uploads\/2026\/03\/Visual-Fest_2026_page-0001-212x300.jpg 212w, https:\/\/zs.gellnerka.cz\/subdom\/zs\/wp-content\/uploads\/2026\/03\/Visual-Fest_2026_page-0001-768x1086.jpg 768w, https:\/\/zs.gellnerka.cz\/subdom\/zs\/wp-content\/uploads\/2026\/03\/Visual-Fest_2026_page-0001-1086x1536.jpg 1086w, https:\/\/zs.gellnerka.cz\/subdom\/zs\/wp-content\/uploads\/2026\/03\/Visual-Fest_2026_page-0001-8x12.jpg 8w, https:\/\/zs.gellnerka.cz\/subdom\/zs\/wp-content\/uploads\/2026\/03\/Visual-Fest_2026_page-0001.jpg 1241w\" sizes=\"(max-width: 724px) 100vw, 724px\" \/><\/a><\/p>\n","protected":false},"excerpt":{"rendered":"<p>Dne 27. b\u0159ezna 2026 se v Brn\u011b uskute\u010dnil 1. ro\u010dn\u00edk um\u011bleck\u00e9 p\u0159ehl\u00eddky Visual Fest, kter\u00fd prob\u011bhl v divadle BARKA. Programu p\u0159edch\u00e1zel p\u00e1te\u010dn\u00ed dopoledn\u00ed workshop pro \u017e\u00e1ky i pedagogy, kter\u00fd se konal v Centru nesly\u0161\u00edc\u00edch Brno na ulici Vodova. Podle ohlas\u016f se setkal s velk\u00fdm \u00fasp\u011bchem a byl pro v\u0161echny \u00fa\u010dastn\u00edky p\u0159\u00ednosn\u00fdm z\u00e1\u017eitkem. Po ob\u011bdov\u00e9 pauze &hellip;<\/p>\n<p class=\"read-more\"> <a class=\"\" href=\"https:\/\/zs.gellnerka.cz\/subdom\/zs\/visual-fest\/\"> <span class=\"screen-reader-text\">Visual Fest<\/span> Pokra\u010dovat ve \u010dten\u00ed &raquo;<\/a><\/p>\n","protected":false},"author":2,"featured_media":0,"parent":0,"menu_order":0,"comment_status":"closed","ping_status":"closed","template":"","meta":[],"_links":{"self":[{"href":"https:\/\/zs.gellnerka.cz\/subdom\/zs\/wp-json\/wp\/v2\/pages\/2396"}],"collection":[{"href":"https:\/\/zs.gellnerka.cz\/subdom\/zs\/wp-json\/wp\/v2\/pages"}],"about":[{"href":"https:\/\/zs.gellnerka.cz\/subdom\/zs\/wp-json\/wp\/v2\/types\/page"}],"author":[{"embeddable":true,"href":"https:\/\/zs.gellnerka.cz\/subdom\/zs\/wp-json\/wp\/v2\/users\/2"}],"replies":[{"embeddable":true,"href":"https:\/\/zs.gellnerka.cz\/subdom\/zs\/wp-json\/wp\/v2\/comments?post=2396"}],"version-history":[{"count":7,"href":"https:\/\/zs.gellnerka.cz\/subdom\/zs\/wp-json\/wp\/v2\/pages\/2396\/revisions"}],"predecessor-version":[{"id":2417,"href":"https:\/\/zs.gellnerka.cz\/subdom\/zs\/wp-json\/wp\/v2\/pages\/2396\/revisions\/2417"}],"wp:attachment":[{"href":"https:\/\/zs.gellnerka.cz\/subdom\/zs\/wp-json\/wp\/v2\/media?parent=2396"}],"curies":[{"name":"wp","href":"https:\/\/api.w.org\/{rel}","templated":true}]}}