{"id":5,"date":"2019-09-24T15:32:08","date_gmt":"2019-09-24T13:32:08","guid":{"rendered":"http:\/\/zs.gellnerka.cz\/subdom\/zs\/?page_id=5"},"modified":"2025-10-06T12:03:09","modified_gmt":"2025-10-06T10:03:09","slug":"uvodni","status":"publish","type":"page","link":"https:\/\/zs.gellnerka.cz\/subdom\/zs\/","title":{"rendered":"\u00davodn\u00ed strana"},"content":{"rendered":"<div id=\"pl-5\"  class=\"panel-layout\" ><div id=\"pg-5-0\"  class=\"panel-grid panel-no-style\" ><div id=\"pgc-5-0-0\"  class=\"panel-grid-cell\" ><\/div><\/div><div id=\"pg-5-1\"  class=\"panel-grid panel-no-style\" ><div id=\"pgc-5-1-0\"  class=\"panel-grid-cell\" >\n\t\t<div id=\"panel-5-1-0-0\" class=\"so-panel widget widget_recent-posts widget_recent_entries panel-first-child\" data-index=\"1\" ><div class=\"panel-widget-style panel-widget-style-for-5-1-0-0\" >\n\t\t<h3 class=\"widget-title\">Aktuality a stru\u010dn\u00e1 sd\u011blen\u00ed<\/h3>\n\t\t<ul>\n\t\t\t\t\t\t\t\t\t\t\t<li>\n\t\t\t\t\t<a href=\"https:\/\/zs.gellnerka.cz\/subdom\/zs\/2026\/04\/10\/branny-den\/\">Brann\u00fd den<\/a>\n\t\t\t\t\t\t\t\t\t\t\t<span class=\"post-date\">10. 4. 2026<\/span>\n\t\t\t\t\t\t\t\t\t<\/li>\n\t\t\t\t\t\t\t\t\t\t\t<li>\n\t\t\t\t\t<a href=\"https:\/\/zs.gellnerka.cz\/subdom\/zs\/2026\/03\/31\/netradicni-workshop-o-dospivani-pro-zaky-1-stupne\/\">Netradi\u010dn\u00ed workshop o dosp\u00edv\u00e1n\u00ed pro \u017e\u00e1ky 1. stupn\u011b<\/a>\n\t\t\t\t\t\t\t\t\t\t\t<span class=\"post-date\">31. 3. 2026<\/span>\n\t\t\t\t\t\t\t\t\t<\/li>\n\t\t\t\t\t\t\t\t\t\t\t<li>\n\t\t\t\t\t<a href=\"https:\/\/zs.gellnerka.cz\/subdom\/zs\/2026\/03\/27\/visual-fest-v-brne\/\">Visual Fest v Brn\u011b<\/a>\n\t\t\t\t\t\t\t\t\t\t\t<span class=\"post-date\">27. 3. 2026<\/span>\n\t\t\t\t\t\t\t\t\t<\/li>\n\t\t\t\t\t\t\t\t\t\t\t<li>\n\t\t\t\t\t<a href=\"https:\/\/zs.gellnerka.cz\/subdom\/zs\/2026\/03\/17\/turnaj-ve-florbale\/\">Turnaj ve florbale<\/a>\n\t\t\t\t\t\t\t\t\t\t\t<span class=\"post-date\">17. 3. 2026<\/span>\n\t\t\t\t\t\t\t\t\t<\/li>\n\t\t\t\t\t\t\t\t\t\t\t<li>\n\t\t\t\t\t<a href=\"https:\/\/zs.gellnerka.cz\/subdom\/zs\/2026\/03\/11\/visual-fest\/\">Visual fest &#8211; pozv\u00e1nka<\/a>\n\t\t\t\t\t\t\t\t\t\t\t<span class=\"post-date\">11. 3. 2026<\/span>\n\t\t\t\t\t\t\t\t\t<\/li>\n\t\t\t\t\t\t\t\t\t\t\t<li>\n\t\t\t\t\t<a href=\"https:\/\/zs.gellnerka.cz\/subdom\/zs\/2026\/03\/11\/jarni-probuzeni-zahrady\/\">Jarn\u00ed probuzen\u00ed zahrady &#8211; pozv\u00e1nka<\/a>\n\t\t\t\t\t\t\t\t\t\t\t<span class=\"post-date\">11. 3. 2026<\/span>\n\t\t\t\t\t\t\t\t\t<\/li>\n\t\t\t\t\t\t\t\t\t\t\t<li>\n\t\t\t\t\t<a href=\"https:\/\/zs.gellnerka.cz\/subdom\/zs\/2026\/03\/10\/turnaj-v-pexesu-v-tisnove\/\">Turnaj v pexesu v Ti\u0161nov\u011b<\/a>\n\t\t\t\t\t\t\t\t\t\t\t<span class=\"post-date\">10. 3. 2026<\/span>\n\t\t\t\t\t\t\t\t\t<\/li>\n\t\t\t\t\t\t\t\t\t\t\t<li>\n\t\t\t\t\t<a href=\"https:\/\/zs.gellnerka.cz\/subdom\/zs\/2026\/03\/05\/aktualizovane-informace-k-provozu-zs-a-sd\/\">Aktualizovan\u00e9 informace k provozu Z\u0160 a \u0160D<\/a>\n\t\t\t\t\t\t\t\t\t\t\t<span class=\"post-date\">5. 3. 2026<\/span>\n\t\t\t\t\t\t\t\t\t<\/li>\n\t\t\t\t\t\t\t\t\t\t\t<li>\n\t\t\t\t\t<a href=\"https:\/\/zs.gellnerka.cz\/subdom\/zs\/2026\/03\/02\/svetovy-den-sluchu\/\">Sv\u011btov\u00fd den sluchu<\/a>\n\t\t\t\t\t\t\t\t\t\t\t<span class=\"post-date\">2. 3. 2026<\/span>\n\t\t\t\t\t\t\t\t\t<\/li>\n\t\t\t\t\t\t\t\t\t\t\t<li>\n\t\t\t\t\t<a href=\"https:\/\/zs.gellnerka.cz\/subdom\/zs\/2026\/03\/02\/seznam-prijatych-uchazecu-do-zakladniho-vzdelavani-pro-skolni-rok-2026-27\/\">Seznam p\u0159ijat\u00fdch uchaze\u010d\u016f do z\u00e1kladn\u00edho vzd\u011bl\u00e1v\u00e1n\u00ed pro \u0161koln\u00ed rok 2026\/27<\/a>\n\t\t\t\t\t\t\t\t\t\t\t<span class=\"post-date\">2. 3. 2026<\/span>\n\t\t\t\t\t\t\t\t\t<\/li>\n\t\t\t\t\t<\/ul>\n\n\t\t<\/div><\/div><div id=\"panel-5-1-0-1\" class=\"so-panel widget widget_sow-button panel-last-child\" data-index=\"2\" ><div\n\t\t\t\n\t\t\tclass=\"so-widget-sow-button so-widget-sow-button-flat-dad773ade506-5\"\n\t\t\t\n\t\t><div class=\"ow-button-base ow-button-align-center\"\n>\n\t\t\t<a\n\t\t\t\t\thref=\"https:\/\/zs.gellnerka.cz\/subdom\/zs\/aktuality\/\"\n\t\t\t\t\tclass=\"sowb-button ow-icon-placement-bottom\" \t>\n\t\t<span>\n\t\t\t\n\t\t\tDal\u0161\u00ed aktuality\t\t<\/span>\n\t\t\t<\/a>\n\t<\/div>\n<\/div><\/div><\/div><div id=\"pgc-5-1-1\"  class=\"panel-grid-cell\" ><div id=\"panel-5-1-1-0\" class=\"so-panel widget widget_search panel-first-child\" data-index=\"3\" ><h3 class=\"widget-title\">Vyhled\u00e1v\u00e1n\u00ed<\/h3><form role=\"search\" method=\"get\" class=\"search-form\" action=\"https:\/\/zs.gellnerka.cz\/subdom\/zs\/\">\n\t\t\t\t<label>\n\t\t\t\t\t<span class=\"screen-reader-text\">Vyhled\u00e1v\u00e1n\u00ed<\/span>\n\t\t\t\t\t<input type=\"search\" class=\"search-field\" placeholder=\"Hledat &hellip;\" value=\"\" name=\"s\" \/>\n\t\t\t\t<\/label>\n\t\t\t\t<input type=\"submit\" class=\"search-submit\" value=\"Hledat\" \/>\n\t\t\t<\/form><\/div><div id=\"panel-5-1-1-1\" class=\"so-panel widget widget_sow-image\" data-index=\"4\" ><div\n\t\t\t\n\t\t\tclass=\"so-widget-sow-image so-widget-sow-image-default-113ccd71f3e6-5\"\n\t\t\t\n\t\t>\n<div class=\"sow-image-container\">\n\t\t\t<a href=\"https:\/\/zs.gellnerka.cz\/subdom\/zs\/dokumenty\/\"\n\t\t\t\t\t>\n\t\t\t<img \n\tsrc=\"https:\/\/zs.gellnerka.cz\/subdom\/zs\/wp-content\/uploads\/2025\/10\/dokumenty-\u2013-upraveno-300x300.png\" width=\"300\" height=\"300\" srcset=\"https:\/\/zs.gellnerka.cz\/subdom\/zs\/wp-content\/uploads\/2025\/10\/dokumenty-\u2013-upraveno-300x300.png 300w, https:\/\/zs.gellnerka.cz\/subdom\/zs\/wp-content\/uploads\/2025\/10\/dokumenty-\u2013-upraveno.png 1024w, https:\/\/zs.gellnerka.cz\/subdom\/zs\/wp-content\/uploads\/2025\/10\/dokumenty-\u2013-upraveno-150x150.png 150w, https:\/\/zs.gellnerka.cz\/subdom\/zs\/wp-content\/uploads\/2025\/10\/dokumenty-\u2013-upraveno-768x768.png 768w, https:\/\/zs.gellnerka.cz\/subdom\/zs\/wp-content\/uploads\/2025\/10\/dokumenty-\u2013-upraveno-12x12.png 12w\" sizes=\"(max-width: 300px) 100vw, 300px\" title=\"dokumenty \u2013 upraveno\" alt=\"\" loading=\"lazy\" \t\tclass=\"so-widget-image\"\/>\n\t\t\t<\/a><\/div>\n\n<\/div><\/div><div id=\"panel-5-1-1-2\" class=\"so-panel widget widget_sow-image\" data-index=\"5\" ><div\n\t\t\t\n\t\t\tclass=\"so-widget-sow-image so-widget-sow-image-default-113ccd71f3e6-5\"\n\t\t\t\n\t\t>\n<div class=\"sow-image-container\">\n\t\t\t<a href=\"https:\/\/zs.gellnerka.cz\/subdom\/zs\/skolni-druzina\/\"\n\t\t\t\t\t>\n\t\t\t<img \n\tsrc=\"https:\/\/zs.gellnerka.cz\/subdom\/zs\/wp-content\/uploads\/2025\/10\/logo-sd-\u2013-upraveno-300x300.png\" width=\"300\" height=\"300\" srcset=\"https:\/\/zs.gellnerka.cz\/subdom\/zs\/wp-content\/uploads\/2025\/10\/logo-sd-\u2013-upraveno-300x300.png 300w, https:\/\/zs.gellnerka.cz\/subdom\/zs\/wp-content\/uploads\/2025\/10\/logo-sd-\u2013-upraveno.png 1024w, https:\/\/zs.gellnerka.cz\/subdom\/zs\/wp-content\/uploads\/2025\/10\/logo-sd-\u2013-upraveno-150x150.png 150w, https:\/\/zs.gellnerka.cz\/subdom\/zs\/wp-content\/uploads\/2025\/10\/logo-sd-\u2013-upraveno-768x768.png 768w, https:\/\/zs.gellnerka.cz\/subdom\/zs\/wp-content\/uploads\/2025\/10\/logo-sd-\u2013-upraveno-12x12.png 12w\" sizes=\"(max-width: 300px) 100vw, 300px\" title=\"logo sd \u2013 upraveno\" alt=\"\" loading=\"lazy\" \t\tclass=\"so-widget-image\"\/>\n\t\t\t<\/a><\/div>\n\n<\/div><\/div><div id=\"panel-5-1-1-3\" class=\"so-panel widget widget_sow-editor\" data-index=\"6\" ><div\n\t\t\t\n\t\t\tclass=\"so-widget-sow-editor so-widget-sow-editor-base\"\n\t\t\t\n\t\t>\n<div class=\"siteorigin-widget-tinymce textwidget\">\n\t<h3>O n\u00e1s<\/h3>\n<p align=\"justify\">Na\u0161i z\u00e1kladn\u00ed \u0161kolu nav\u0161t\u011bvuj\u00ed p\u0159edev\u0161\u00edm d\u011bti s r\u016fzn\u00fdm stupn\u011bm sluchov\u00e9ho posti\u017een\u00ed z Brna a bl\u00edzk\u00e9ho okol\u00ed. Ve t\u0159\u00edd\u00e1ch jsou ale \u017e\u00e1ci nejen nesly\u0161\u00edc\u00ed, nedosl\u00fdchav\u00ed a s kochle\u00e1rn\u00edm implant\u00e1tem, ale i s r\u016fzn\u00fdmi vadami \u0159e\u010di a d\u011bti s kombinovan\u00fdm posti\u017een\u00edm \u2013 soub\u011b\u017en\u00fdm posti\u017een\u00edm v\u00edce vadami \u010di autismem.<br \/>\n<a href=\"http:\/\/zs.gellnerka.cz\/subdom\/zs\/zakladni-skola\/predstaveni-zakladni-skoly\/\"><strong>V\u00edce informac\u00ed ....<\/strong><\/a><\/p>\n<\/div>\n<\/div><\/div><div id=\"panel-5-1-1-4\" class=\"so-panel widget widget_media_image\" data-index=\"7\" ><h3 class=\"widget-title\">Z\u0159izovatel \u0161koly<\/h3><a href=\"http:\/\/www.kr-jihomoravsky.cz\"><img width=\"300\" height=\"72\" src=\"https:\/\/zs.gellnerka.cz\/subdom\/zs\/wp-content\/uploads\/2020\/04\/Logotyp_jihomoravsky_kraj_RGB-300x72.jpg\" class=\"image wp-image-277  attachment-medium size-medium\" alt=\"\" loading=\"lazy\" style=\"max-width: 100%; height: auto;\" srcset=\"https:\/\/zs.gellnerka.cz\/subdom\/zs\/wp-content\/uploads\/2020\/04\/Logotyp_jihomoravsky_kraj_RGB-300x72.jpg 300w, https:\/\/zs.gellnerka.cz\/subdom\/zs\/wp-content\/uploads\/2020\/04\/Logotyp_jihomoravsky_kraj_RGB-768x184.jpg 768w, https:\/\/zs.gellnerka.cz\/subdom\/zs\/wp-content\/uploads\/2020\/04\/Logotyp_jihomoravsky_kraj_RGB-1024x245.jpg 1024w\" sizes=\"(max-width: 300px) 100vw, 300px\" \/><\/a><\/div><div id=\"panel-5-1-1-5\" class=\"so-panel widget widget_sow-editor panel-last-child\" data-index=\"8\" ><div class=\"panel-widget-style panel-widget-style-for-5-1-1-5\" ><div\n\t\t\t\n\t\t\tclass=\"so-widget-sow-editor so-widget-sow-editor-base\"\n\t\t\t\n\t\t><h3 class=\"widget-title\">Zaj\u00edmav\u00e9 odkazy<\/h3>\n<div class=\"siteorigin-widget-tinymce textwidget\">\n\t<ul>\n<li><strong><a href=\"http:\/\/ruce.cz\/slovnik\" target=\"_blank\" rel=\"noopener\">Slovn\u00edk znakov\u00e9ho jazyka<\/a><\/strong><\/li>\n<li><a href=\"http:\/\/www.snncr.cz\/CASOPIS-JSEM-JEDNO-UCHO\" target=\"_blank\" rel=\"noopener\"><strong>\u010casopis JSEM JEDNO UCHO<\/strong><\/a><\/li>\n<li><a href=\"https:\/\/www.umimecesky.cz\/\" target=\"_blank\" rel=\"noopener\"><strong>Materi\u00e1ly na procvi\u010dov\u00e1n\u00ed \u010cJ, AJ, M.<\/strong><\/a><\/li>\n<\/ul>\n<\/div>\n<\/div><\/div><\/div><\/div><\/div><div id=\"pg-5-2\"  class=\"panel-grid panel-no-style\" ><div id=\"pgc-5-2-0\"  class=\"panel-grid-cell\" ><div id=\"panel-5-2-0-0\" class=\"so-panel widget widget_sow-editor panel-first-child panel-last-child\" data-index=\"9\" ><div\n\t\t\t\n\t\t\tclass=\"so-widget-sow-editor so-widget-sow-editor-base\"\n\t\t\t\n\t\t><h3 class=\"widget-title\">Mohlo by v\u00e1s zaj\u00edmat<\/h3>\n<div class=\"siteorigin-widget-tinymce textwidget\">\n\t<section class=\"mbvz\" aria-label=\"Mohlo by v\u00e1s zaj\u00edmat\">\n<div class=\"mbvz__inner\">\n    <button class=\"mbvz__nav mbvz__nav--prev\" aria-label=\"P\u0159edchoz\u00ed\" type=\"button\">\u276e<\/button><br \/>\n    <button class=\"mbvz__nav mbvz__nav--next\" aria-label=\"Dal\u0161\u00ed\" type=\"button\">\u276f<\/button><\/p>\n<ul class=\"mbvz__track\" id=\"mbvzTrack\" role=\"list\">\n<li class=\"mbvz__item\">\n        <a href=\"https:\/\/www.jmk.cz\/\" target=\"_blank\" rel=\"noopener\" class=\"mbvz__card\"><br \/>\n          <span class=\"mbvz__logo\"><br \/>\n            <img src=\"\/wp-content\/uploads\/jmk-logo.png\" alt=\"Jihomoravsk\u00fd kraj\"\/><br \/>\n          <\/span><br \/>\n          <span class=\"mbvz__label\">Jihomoravsk\u00fd kraj<\/span><br \/>\n        <\/a>\n      <\/li>\n<li class=\"mbvz__item\">\n        <a href=\"http:\/\/ruce.cz\/slovnik\" target=\"_blank\" rel=\"noopener\" class=\"mbvz__card\"><br \/>\n          <span class=\"mbvz__logo\"><br \/>\n            <img src=\"\/wp-content\/uploads\/rucecz-logo.png\" alt=\"Slovn\u00edk znakov\u00e9ho jazyka\"\/><br \/>\n          <\/span><br \/>\n          <span class=\"mbvz__label\">Slovn\u00edk znakov\u00e9ho jazyka<\/span><br \/>\n        <\/a>\n      <\/li>\n<li class=\"mbvz__item\">\n        <a href=\"https:\/\/www.umimecesky.cz\/\" target=\"_blank\" rel=\"noopener\" class=\"mbvz__card\"><br \/>\n          <span class=\"mbvz__logo\"><br \/>\n            <img src=\"\/wp-content\/uploads\/umimecesky-logo.png\" alt=\"Procvi\u010dov\u00e1n\u00ed \u2013 Um\u00edme \u010desky\"\/><br \/>\n          <\/span><br \/>\n          <span class=\"mbvz__label\">Procvi\u010dov\u00e1n\u00ed \u2013 Um\u00edme \u010desky<\/span><br \/>\n        <\/a>\n      <\/li>\n<\/ul><\/div>\n<\/section>\n<p><script>\ndocument.addEventListener(\"DOMContentLoaded\", function(){\n  const track = document.getElementById('mbvzTrack');\n  const prev = document.querySelector('.mbvz__nav--prev');\n  const next = document.querySelector('.mbvz__nav--next');\n  const step = 320;\n  function scrollByStep(dir){ track.scrollBy({ left: dir*step, behavior: 'smooth' }); }\n  prev.addEventListener('click', ()=>scrollByStep(-1));\n  next.addEventListener('click', ()=>scrollByStep(1));\n});\n<\/script><\/p>\n<\/div>\n<\/div><\/div><\/div><\/div><\/div>","protected":false},"excerpt":{"rendered":"<p>O n\u00e1s Na\u0161i z\u00e1kladn\u00ed \u0161kolu nav\u0161t\u011bvuj\u00ed p\u0159edev\u0161\u00edm d\u011bti s r\u016fzn\u00fdm stupn\u011bm sluchov\u00e9ho posti\u017een\u00ed z Brna a bl\u00edzk\u00e9ho okol\u00ed. Ve t\u0159\u00edd\u00e1ch jsou ale \u017e\u00e1ci nejen nesly\u0161\u00edc\u00ed, nedosl\u00fdchav\u00ed a s kochle\u00e1rn\u00edm implant\u00e1tem, ale i s r\u016fzn\u00fdmi vadami \u0159e\u010di a d\u011bti s kombinovan\u00fdm posti\u017een\u00edm \u2013 soub\u011b\u017en\u00fdm posti\u017een\u00edm v\u00edce vadami \u010di autismem. V\u00edce informac\u00ed &#8230;. Slovn\u00edk znakov\u00e9ho jazyka \u010casopis &hellip;<\/p>\n<p class=\"read-more\"> <a class=\"\" href=\"https:\/\/zs.gellnerka.cz\/subdom\/zs\/\"> <span class=\"screen-reader-text\">\u00davodn\u00ed strana<\/span> Pokra\u010dovat ve \u010dten\u00ed &raquo;<\/a><\/p>\n","protected":false},"author":1,"featured_media":0,"parent":0,"menu_order":0,"comment_status":"closed","ping_status":"closed","template":"","meta":[],"_links":{"self":[{"href":"https:\/\/zs.gellnerka.cz\/subdom\/zs\/wp-json\/wp\/v2\/pages\/5"}],"collection":[{"href":"https:\/\/zs.gellnerka.cz\/subdom\/zs\/wp-json\/wp\/v2\/pages"}],"about":[{"href":"https:\/\/zs.gellnerka.cz\/subdom\/zs\/wp-json\/wp\/v2\/types\/page"}],"author":[{"embeddable":true,"href":"https:\/\/zs.gellnerka.cz\/subdom\/zs\/wp-json\/wp\/v2\/users\/1"}],"replies":[{"embeddable":true,"href":"https:\/\/zs.gellnerka.cz\/subdom\/zs\/wp-json\/wp\/v2\/comments?post=5"}],"version-history":[{"count":467,"href":"https:\/\/zs.gellnerka.cz\/subdom\/zs\/wp-json\/wp\/v2\/pages\/5\/revisions"}],"predecessor-version":[{"id":1875,"href":"https:\/\/zs.gellnerka.cz\/subdom\/zs\/wp-json\/wp\/v2\/pages\/5\/revisions\/1875"}],"wp:attachment":[{"href":"https:\/\/zs.gellnerka.cz\/subdom\/zs\/wp-json\/wp\/v2\/media?parent=5"}],"curies":[{"name":"wp","href":"https:\/\/api.w.org\/{rel}","templated":true}]}}